{"id":5277,"date":"2021-05-06T17:01:52","date_gmt":"2021-05-06T17:01:52","guid":{"rendered":"https:\/\/espaimaragall.cat\/?page_id=5277"},"modified":"2022-09-19T10:39:30","modified_gmt":"2022-09-19T10:39:30","slug":"formacion","status":"publish","type":"page","link":"https:\/\/espaimaragall.cat\/es\/formacion\/","title":{"rendered":"Formaci\u00f3n"},"content":{"rendered":"<h1 style=\"text-align: justify;\"><strong>Formaci\u00f3n de Artes Esc\u00e9nicas del Espai Maragall<\/strong><\/h1>\n<p style=\"text-align: justify;\">Uno de los objetivos del<strong>espai<\/strong> <strong>Maragall <\/strong>es el de fomentar la pr\u00e1ctica del teatro i las artes esc\u00e9nicas a trav\u00e9s de la formaci\u00f3n. En la actualidad el <strong>espai Maragall<\/strong> cuenta con una programaci\u00f3n formativa estable especializada en teatro musical y dirigida por <strong><a href=\"http:\/\/espaiescenic.larodaproduccions.cat\/\">Espai Esc\u00e8nic<\/a><a href=\"http:\/\/espaiescenic.larodaproduccions.cat\/\"> (Escola d\u2019Arts Esc\u00e8niques de Gav\u00e0)<\/a><\/strong>. Con sede permanente en la instalaciones del espai Maragall, <strong>Espai Esc\u00e8nic<\/strong> forma a ni\u00f1os, j\u00f3venes y adultos en les disciplinas de <strong>teatro, canto, danza y voz<\/strong>.<\/p>\n<p style=\"text-align: justify;\"><strong>El Espai Esc\u00e8nic<\/strong> es un espacio de creaci\u00f3n, de formaci\u00f3n, de ocio y de aprendizaje. Un espacio abierto a todas y todos.<\/p>\n<ul>\n<li style=\"text-align: justify;\"><strong><a href=\"http:\/\/espaiescenic.larodaproduccions.cat\/oferta-formativa\/\">Oferta formativa del Espai Esc\u00e8nic<\/a>: <\/strong>Cursos anuales para ni\u00f1os, j\u00f3venes y adultos.<\/li>\n<li style=\"text-align: justify;\"><a href=\"https:\/\/espaiescenic.larodaproduccions.cat\/casal-artistic\/\"><strong>Casal Art\u00edstico del Espai Esc\u00e8nic<\/strong><b>: <\/b><\/a>Casal de verano en los meses de julio y septiembre. Pensado para ni\u00f1os y j\u00f3venes de entre 6 y 17 a\u00f1os.<\/li>\n<\/ul>\n<p>&nbsp;<\/p>\n<p style=\"text-align: center;\"><a href=\"https:\/\/espaiescenic.larodaproduccions.cat\/\"><strong>&gt;&gt;INSCRIPCIONES Y CONTACTO&lt;&lt;<\/strong><\/a><\/p>\n<p><a href=\"https:\/\/espaiescenic.larodaproduccions.cat\/\"><img loading=\"lazy\" class=\"aligncenter wp-image-4840\" src=\"https:\/\/espaimaragall.cat\/wp-content\/uploads\/2018\/03\/espaiescenic_int-e1663583493179.jpg\" alt=\"espaiescenic_espaimaragallGava\" width=\"466\" height=\"116\" \/><\/a><br \/>\n&nbsp;<\/p>\n<p>&nbsp;<\/p>\n","protected":false},"excerpt":{"rendered":"<p>Formaci\u00f3n de Artes Esc\u00e9nicas del Espai Maragall Uno de los objetivos delespai Maragall es el de fomentar la pr\u00e1ctica del teatro i las artes esc\u00e9nicas a trav\u00e9s de la formaci\u00f3n. En la actualidad el espai Maragall cuenta con una programaci\u00f3n formativa estable especializada en teatro musical y dirigida por Espai Esc\u00e8nic (Escola d\u2019Arts Esc\u00e8niques de Gav\u00e0). Con sede permanente en la instalaciones del espai Maragall, Espai Esc\u00e8nic forma a ni\u00f1os, j\u00f3venes y adultos en les disciplinas de teatro, canto, danza y voz. El Espai Esc\u00e8nic es un espacio de creaci\u00f3n, de formaci\u00f3n, de ocio y de aprendizaje. Un espacio abierto a todas y todos. Oferta formativa del Espai Esc\u00e8nic: Cursos anuales para ni\u00f1os, j\u00f3venes y adultos. Casal Art\u00edstico del Espai Esc\u00e8nic: Casal de verano en los meses de julio y septiembre. Pensado para ni\u00f1os y j\u00f3venes de entre 6 y 17 a\u00f1os. &nbsp; &gt;&gt;INSCRIPCIONES Y CONTACTO&lt;&lt; &nbsp; &nbsp;<\/p>\n","protected":false},"author":2,"featured_media":0,"parent":0,"menu_order":0,"comment_status":"closed","ping_status":"closed","template":"","meta":[],"amp_enabled":true,"_links":{"self":[{"href":"https:\/\/espaimaragall.cat\/es\/wp-json\/wp\/v2\/pages\/5277"}],"collection":[{"href":"https:\/\/espaimaragall.cat\/es\/wp-json\/wp\/v2\/pages"}],"about":[{"href":"https:\/\/espaimaragall.cat\/es\/wp-json\/wp\/v2\/types\/page"}],"author":[{"embeddable":true,"href":"https:\/\/espaimaragall.cat\/es\/wp-json\/wp\/v2\/users\/2"}],"replies":[{"embeddable":true,"href":"https:\/\/espaimaragall.cat\/es\/wp-json\/wp\/v2\/comments?post=5277"}],"version-history":[{"count":14,"href":"https:\/\/espaimaragall.cat\/es\/wp-json\/wp\/v2\/pages\/5277\/revisions"}],"predecessor-version":[{"id":5595,"href":"https:\/\/espaimaragall.cat\/es\/wp-json\/wp\/v2\/pages\/5277\/revisions\/5595"}],"wp:attachment":[{"href":"https:\/\/espaimaragall.cat\/es\/wp-json\/wp\/v2\/media?parent=5277"}],"curies":[{"name":"wp","href":"https:\/\/api.w.org\/{rel}","templated":true}]}}