{"id":5282,"date":"2021-05-06T17:38:07","date_gmt":"2021-05-06T17:38:07","guid":{"rendered":"https:\/\/espaimaragall.cat\/?page_id=5282"},"modified":"2022-09-09T08:38:00","modified_gmt":"2022-09-09T08:38:00","slug":"ciclo-de-teatro-amateur","status":"publish","type":"page","link":"https:\/\/espaimaragall.cat\/es\/ciclo-de-teatro-amateur\/","title":{"rendered":"Ciclo de Teatro Amateur"},"content":{"rendered":"<p>El <em>Ciclo de Teatro Amateur de Gav\u00e0<\/em> es un espacio de intercambio de ideas y reflexiones, de conocimiento de otras realidades teatrales. El Ciclo se plantea desde una perspectiva de apertura y fomento del hecho participativo con el objetivo de dar impulso al teatro amateur, uno de los mayores activos culturales de nuestra ciudad.<\/p>\n<p>El<em> Ciclo<\/em> se traduce en una <a href=\"https:\/\/espaimaragall.cat\/es\/programacion\/ciclo-de-teatro-amateur\/\"><strong>programaci\u00f3n anual y continuada<\/strong><\/a> de calidad y de amplio alcance en cuanto a disciplinas, estilos y tipos de p\u00fablico potencial.<\/p>\n<p>* * Inscripci\u00f3n y bases de participaci\u00f3n contactar con gavacultura@gava.cat<\/p>\n<div class='css-events-list'><p>Lo sentimos, no hay eventos programados para estas fechas.<\/p><\/div>\n","protected":false},"excerpt":{"rendered":"<p>El Ciclo de Teatro Amateur de Gav\u00e0 es un espacio de intercambio de ideas y reflexiones, de conocimiento de otras realidades teatrales. El Ciclo se plantea desde una perspectiva de apertura y fomento del hecho participativo con el objetivo de dar impulso al teatro amateur, uno de los mayores activos culturales de nuestra ciudad. El Ciclo se traduce en una programaci\u00f3n anual y continuada de calidad y de amplio alcance en cuanto a disciplinas, estilos y tipos de p\u00fablico potencial. * * Inscripci\u00f3n y bases de participaci\u00f3n contactar con gavacultura@gava.cat<\/p>\n","protected":false},"author":2,"featured_media":0,"parent":0,"menu_order":0,"comment_status":"closed","ping_status":"closed","template":"","meta":[],"amp_enabled":true,"_links":{"self":[{"href":"https:\/\/espaimaragall.cat\/es\/wp-json\/wp\/v2\/pages\/5282"}],"collection":[{"href":"https:\/\/espaimaragall.cat\/es\/wp-json\/wp\/v2\/pages"}],"about":[{"href":"https:\/\/espaimaragall.cat\/es\/wp-json\/wp\/v2\/types\/page"}],"author":[{"embeddable":true,"href":"https:\/\/espaimaragall.cat\/es\/wp-json\/wp\/v2\/users\/2"}],"replies":[{"embeddable":true,"href":"https:\/\/espaimaragall.cat\/es\/wp-json\/wp\/v2\/comments?post=5282"}],"version-history":[{"count":8,"href":"https:\/\/espaimaragall.cat\/es\/wp-json\/wp\/v2\/pages\/5282\/revisions"}],"predecessor-version":[{"id":6929,"href":"https:\/\/espaimaragall.cat\/es\/wp-json\/wp\/v2\/pages\/5282\/revisions\/6929"}],"wp:attachment":[{"href":"https:\/\/espaimaragall.cat\/es\/wp-json\/wp\/v2\/media?parent=5282"}],"curies":[{"name":"wp","href":"https:\/\/api.w.org\/{rel}","templated":true}]}}