{"id":5288,"date":"2021-05-06T17:48:52","date_gmt":"2021-05-06T17:48:52","guid":{"rendered":"https:\/\/espaimaragall.cat\/?page_id=5288"},"modified":"2021-05-06T17:52:59","modified_gmt":"2021-05-06T17:52:59","slug":"gava-con-la-creacion","status":"publish","type":"page","link":"https:\/\/espaimaragall.cat\/es\/gava-con-la-creacion\/","title":{"rendered":"Gav\u00e1 (con la creaci\u00f3n)"},"content":{"rendered":"<h1><strong>El proyecto<br \/>\n<\/strong><\/h1>\n<p><strong>Gav\u00e0 (con la creaci\u00f3n)<\/strong> es el programa de apoyo a la creaci\u00f3n que fomenta la creatividad esc\u00e9nica y la producci\u00f3n de espect\u00e1culos a trav\u00e9s de las residencias art\u00edsticas. Los creadores \/ as o compa\u00f1\u00edas residentes pueden disponer del espacio y de los recursos t\u00e9cnicos que ofrece el equipamiento durante un periodo determinado para trabajar la puesta en escena de un espect\u00e1culo, ya cambio, ofrecen un retorno al municipio a trav\u00e9s de su trabajo.<\/p>\n<p>Por otra parte, el programa Gav\u00e0 (con la creaci\u00f3n) ofrece a la ciudadan\u00eda la posibilidad de asistir a los procesos de creaci\u00f3n de los espect\u00e1culos en base a una serie de ensayos abiertos, charlas o talleres.<\/p>\n<p><strong>\u00bfA qui\u00e9n se dirige?<\/strong><\/p>\n<p>A compa\u00f1\u00edas y\/o creadores\/as de artes esc\u00e9nicas profesionales que se encuentren en el proceso de creaci\u00f3n de un proyecto art\u00edstico.<\/p>\n<p><strong>\u00bfQu\u00e9 ofrecemos?<\/strong><\/p>\n<p>Cesi\u00f3n del teatro y de sus recursos t\u00e9cnicos para el desarrollo de procesos de creaci\u00f3n de compa\u00f1\u00edas y\/o creadores\/as.<\/p>\n<p><strong>\u00bfQu\u00e9 pedimos?<\/strong><\/p>\n<p>La disponibilidad de la compa\u00f1\u00eda y\/o creadores\/as residentes en abrir los procesos de creaci\u00f3n al p\u00fablico general o al p\u00fablico vinculado al proyecto espacio Maragall (siempre previo acuerdo con la compa\u00f1\u00eda)<\/p>\n<p>M\u00e1s informaci\u00f3n en <a href=\"mailto:espaimaragall@gava.cat\">espaimaragall@gava.cat<\/a><\/p>\n","protected":false},"excerpt":{"rendered":"<p>El proyecto Gav\u00e0 (con la creaci\u00f3n) es el programa de apoyo a la creaci\u00f3n que fomenta la creatividad esc\u00e9nica y la producci\u00f3n de espect\u00e1culos a trav\u00e9s de las residencias art\u00edsticas. Los creadores \/ as o compa\u00f1\u00edas residentes pueden disponer del espacio y de los recursos t\u00e9cnicos que ofrece el equipamiento durante un periodo determinado para trabajar la puesta en escena de un espect\u00e1culo, ya cambio, ofrecen un retorno al municipio a trav\u00e9s de su trabajo. Por otra parte, el programa Gav\u00e0 (con la creaci\u00f3n) ofrece a la ciudadan\u00eda la posibilidad de asistir a los procesos de creaci\u00f3n de los espect\u00e1culos en base a una serie de ensayos abiertos, charlas o talleres. \u00bfA qui\u00e9n se dirige? A compa\u00f1\u00edas y\/o creadores\/as de artes esc\u00e9nicas profesionales que se encuentren en el proceso de creaci\u00f3n de un proyecto art\u00edstico. \u00bfQu\u00e9 ofrecemos? Cesi\u00f3n del teatro y de sus recursos t\u00e9cnicos para el desarrollo de procesos de creaci\u00f3n de compa\u00f1\u00edas y\/o creadores\/as. \u00bfQu\u00e9 pedimos? La disponibilidad de la compa\u00f1\u00eda y\/o creadores\/as residentes en abrir los procesos de creaci\u00f3n al p\u00fablico general o al p\u00fablico vinculado al proyecto espacio Maragall (siempre previo acuerdo con la compa\u00f1\u00eda) M\u00e1s informaci\u00f3n en espaimaragall@gava.cat<\/p>\n","protected":false},"author":2,"featured_media":0,"parent":0,"menu_order":0,"comment_status":"closed","ping_status":"closed","template":"","meta":[],"amp_enabled":true,"_links":{"self":[{"href":"https:\/\/espaimaragall.cat\/es\/wp-json\/wp\/v2\/pages\/5288"}],"collection":[{"href":"https:\/\/espaimaragall.cat\/es\/wp-json\/wp\/v2\/pages"}],"about":[{"href":"https:\/\/espaimaragall.cat\/es\/wp-json\/wp\/v2\/types\/page"}],"author":[{"embeddable":true,"href":"https:\/\/espaimaragall.cat\/es\/wp-json\/wp\/v2\/users\/2"}],"replies":[{"embeddable":true,"href":"https:\/\/espaimaragall.cat\/es\/wp-json\/wp\/v2\/comments?post=5288"}],"version-history":[{"count":3,"href":"https:\/\/espaimaragall.cat\/es\/wp-json\/wp\/v2\/pages\/5288\/revisions"}],"predecessor-version":[{"id":5291,"href":"https:\/\/espaimaragall.cat\/es\/wp-json\/wp\/v2\/pages\/5288\/revisions\/5291"}],"wp:attachment":[{"href":"https:\/\/espaimaragall.cat\/es\/wp-json\/wp\/v2\/media?parent=5288"}],"curies":[{"name":"wp","href":"https:\/\/api.w.org\/{rel}","templated":true}]}}