{"id":5292,"date":"2021-05-06T17:56:54","date_gmt":"2021-05-06T17:56:54","guid":{"rendered":"https:\/\/espaimaragall.cat\/?page_id=5292"},"modified":"2021-05-06T17:57:04","modified_gmt":"2021-05-06T17:57:04","slug":"en-residencia","status":"publish","type":"page","link":"https:\/\/espaimaragall.cat\/es\/en-residencia\/","title":{"rendered":"En residencia"},"content":{"rendered":"<p><strong>Compa\u00f1\u00eda: <a href=\"http:\/\/guillemalba.com\/\">Guillem Alb\u00e0<\/a><\/strong><\/p>\n<p><strong>Espect\u00e1culo:<\/strong> Calma!<\/p>\n<p>Del 28 al 31 de enero de 2019<\/p>\n<div style=\"max-width:500px;\" ><iframe src=\"http:\/\/www.youtube.com\/embed\/4EZWplUY8Vs?wmode=transparent\" width=\"500\" height=\"300\" ><\/iframe><\/div>\n<p>&nbsp;<\/p>\n<p><span style=\"display: inline !important; float: none; background-color: #ffffff; color: #333333; cursor: text; font-family: Georgia,'Times New Roman','Bitstream Charter',Times,serif; font-size: 16px; font-style: normal; font-variant: normal; font-weight: 400; letter-spacing: normal; orphans: 2; text-align: left; text-decoration: none; text-indent: 0px; text-transform: none; -webkit-text-stroke-width: 0px; white-space: normal; word-spacing: 0px;\"> <\/span><\/p>\n<p><strong>Compa\u00f1\u00eda: <a href=\"http:\/\/larodaproduccions.cat\/vestit-pop-lemperador\/\">La Roda Produccions<\/a><\/strong><\/p>\n<p><strong>Espect\u00e1culo<\/strong>: Pastorets cap a Betlem!<\/p>\n<p>Del 9 al 13 de julio de 2018<\/p>\n<div style=\"max-width:500px;\" ><iframe src=\"http:\/\/www.youtube.com\/embed\/fG6iPBcwRlc?wmode=transparent\" width=\"500\" height=\"300\" ><\/iframe><\/div>\n<p>&nbsp;<\/p>\n<p><strong>Compa\u00f1\u00eda: <a href=\"http:\/\/www.bacum.info\/index.php\/es\/nosotros\/mucab-dans\">M\u00facab Dans<\/a><\/strong><\/p>\n<p><strong>Espect\u00e1culo<\/strong>: Blowing<\/p>\n<p>Del 5 al 16 de noviembre de 2017<\/p>\n<div style=\"max-width:500px;\" ><iframe src=\"http:\/\/www.youtube.com\/embed\/TFxkTm3tmnU?wmode=transparent\" width=\"500\" height=\"300\" ><\/iframe><\/div>\n<p>&nbsp;<\/p>\n<p><strong>Compa\u00f1\u00eda: <a href=\"http:\/\/larodaproduccions.cat\/vestit-pop-lemperador\/\">La Roda Produccions<\/a><\/strong><\/p>\n<p>Espect\u00e1culo: El vestit POP de l&#8217;Emperador<\/p>\n<p>Del 10 al 21 de julio de 2017<\/p>\n<div style=\"max-width:500px;\" ><iframe src=\"http:\/\/www.youtube.com\/embed\/bNyGwM_8V_I?wmode=transparent\" width=\"500\" height=\"300\" ><\/iframe><\/div>\n<p>&nbsp;<\/p>\n<p><strong>Compa\u00f1\u00eda: <a href=\"http:\/\/www.operajove.com\/\">\u00d2pera Jove<\/a><\/strong><\/p>\n<p><strong>Espect\u00e1culo<\/strong>: Il Convito<\/p>\n<p>Del 7 al 14 de febrero de 2017<\/p>\n<p>&nbsp;<\/p>\n<p><strong>Compa\u00f1\u00eda: <a href=\"http:\/\/www.bacum.info\/\" target=\"_blank\" rel=\"noopener\">B\u00e0cum\/Arts esc\u00e8niques i visuals<\/a><\/strong><\/p>\n<p><strong>Espect\u00e1culo<\/strong>: Umbra<\/p>\n<p>Del 10 al 14 de octubre 2016<\/p>\n<div style=\"max-width:500px;\" ><iframe src=\"\/\/player.vimeo.com\/video\/134393299?title=0&amp;byline=0&amp;portrait=0\" width=\"500\" height=\"300\" ><\/iframe><\/div>\n<p>&nbsp;<\/p>\n","protected":false},"excerpt":{"rendered":"<p>Compa\u00f1\u00eda: Guillem Alb\u00e0 Espect\u00e1culo: Calma! Del 28 al 31 de enero de 2019 &nbsp; Compa\u00f1\u00eda: La Roda Produccions Espect\u00e1culo: Pastorets cap a Betlem! Del 9 al 13 de julio de 2018 &nbsp; Compa\u00f1\u00eda: M\u00facab Dans Espect\u00e1culo: Blowing Del 5 al 16 de noviembre de 2017 &nbsp; Compa\u00f1\u00eda: La Roda Produccions Espect\u00e1culo: El vestit POP de l&#8217;Emperador Del 10 al 21 de julio de 2017 &nbsp; Compa\u00f1\u00eda: \u00d2pera Jove Espect\u00e1culo: Il Convito Del 7 al 14 de febrero de 2017 &nbsp; Compa\u00f1\u00eda: B\u00e0cum\/Arts esc\u00e8niques i visuals Espect\u00e1culo: Umbra Del 10 al 14 de octubre 2016 &nbsp;<\/p>\n","protected":false},"author":2,"featured_media":0,"parent":0,"menu_order":0,"comment_status":"closed","ping_status":"closed","template":"","meta":[],"amp_enabled":true,"_links":{"self":[{"href":"https:\/\/espaimaragall.cat\/es\/wp-json\/wp\/v2\/pages\/5292"}],"collection":[{"href":"https:\/\/espaimaragall.cat\/es\/wp-json\/wp\/v2\/pages"}],"about":[{"href":"https:\/\/espaimaragall.cat\/es\/wp-json\/wp\/v2\/types\/page"}],"author":[{"embeddable":true,"href":"https:\/\/espaimaragall.cat\/es\/wp-json\/wp\/v2\/users\/2"}],"replies":[{"embeddable":true,"href":"https:\/\/espaimaragall.cat\/es\/wp-json\/wp\/v2\/comments?post=5292"}],"version-history":[{"count":3,"href":"https:\/\/espaimaragall.cat\/es\/wp-json\/wp\/v2\/pages\/5292\/revisions"}],"predecessor-version":[{"id":5295,"href":"https:\/\/espaimaragall.cat\/es\/wp-json\/wp\/v2\/pages\/5292\/revisions\/5295"}],"wp:attachment":[{"href":"https:\/\/espaimaragall.cat\/es\/wp-json\/wp\/v2\/media?parent=5292"}],"curies":[{"name":"wp","href":"https:\/\/api.w.org\/{rel}","templated":true}]}}