{"id":5427,"date":"2021-05-07T16:29:19","date_gmt":"2021-05-07T16:29:19","guid":{"rendered":"https:\/\/espaimaragall.cat\/?page_id=5427"},"modified":"2021-05-07T16:30:41","modified_gmt":"2021-05-07T16:30:41","slug":"condiciones-de-privacidad","status":"publish","type":"page","link":"https:\/\/espaimaragall.cat\/es\/condiciones-de-privacidad\/","title":{"rendered":"Condiciones de Privacidad"},"content":{"rendered":"<h3><strong>Protecci\u00f3n de datos<br \/>\n<\/strong> <\/h3>\n<p><strong><em> Base jur\u00eddica e informaci\u00f3n b\u00e1sica sobre el tratamiento de datos personales relativos a CULTURA <\/em> <\/strong><\/p>\n<p><strong><em> Base jur\u00eddica del tratamiento <\/em> <\/strong> <em>: Misi\u00f3n en inter\u00e9s p\u00fablico, ejercicio de poderes p\u00fablicos, cumplimiento de obligaci\u00f3n legal. <\/em><\/p>\n<p><strong><em> Responsable del tratamiento <\/em> <\/strong> <em>: Ayuntamiento de Gav\u00e0. <\/em><\/p>\n<p><strong><em> Finalidad del tratamiento: <\/em> <\/strong> <em> Organizaci\u00f3n y gesti\u00f3n de actividades culturales y sociales del municipio. <\/em><\/p>\n<p><strong><em> Ejercicio de derechos de los interesados \u200b\u200b<\/em> <\/strong> <em>: De acceso, rectificaci\u00f3n, supresi\u00f3n, portabilidad de los datos, limitaci\u00f3n y de oposici\u00f3n al tratamiento en la sede electr\u00f3nica https: \/ \/eseu.gavaciutat.cat\/newcatalegtramits, o presencialmente en el Registro municipal del Ayuntamiento de Gav\u00e0, Plaza de Jaume Balmes, s \/ n, 08850 Gav\u00e0. <\/em><\/p>\n<p><strong><em> Informaci\u00f3n adicional ampliada a: <\/em> <\/strong> <em> Pol\u00edtica de protecci\u00f3n de datos en la web: <a href=\"https:\/\/eseu.gavaciutat.cat\/3protecciodades\"> https : \/\/eseu.gavaciutat.cat\/3protecciodades <\/a> <\/em><\/p>\n<p>&nbsp;<\/p>\n<p>&nbsp;<\/p>\n<h3> Pol\u00edtica de cookies <\/h3>\n<p>Una &#8220;cookie&#8221; es un peque\u00f1o archivo de texto que se almacena en su navegador cuando visita casi cualquier p\u00e1gina web. Su utilidad es que la web sea capaz de recordar su visita cuando vuelva a navegar por esta p\u00e1gina. Las cookies suelen almacenar informaci\u00f3n de car\u00e1cter t\u00e9cnico, preferencias personales, personalizaci\u00f3n de contenidos, estad\u00edsticas de uso, enlaces a redes sociales, acceso a cuentas de usuario, etc. El objetivo de la &#8220;cookie&#8221; es adaptar el contenido de la web a su perfil y a sus necesidades, sin &#8220;cookies&#8221; los servicios ofrecidos por cualquier p\u00e1gina se ver\u00edan mermados notablemente. Si desea informaci\u00f3n sobre qu\u00e9 son las cookies, que se almacenan, como eliminarlas, desactivarlas, etc., le rogamos se dirija a este enlace.<br \/>\nCookies utilizadas en este sitio web<\/p>\n<p>Siguiendo las directrices de la Agencia Espa\u00f1ola de Protecci\u00f3n de Datos procedemos a detallar el uso de &#8220;cookies&#8221; que utiliza esta web con el fin de informarle con la m\u00e1xima exactitud posible.<\/p>\n<p><strong>Este sitio web utiliza las &#8220;cookies&#8221; siguientes: <\/strong><\/p>\n<p>&#8220;Cookies&#8221; de sesi\u00f3n, para garantizar que los usuarios que escriban comentarios en el blog sean humanos y no aplicaciones automatizadas. De esta manera se combate el spam.<\/p>\n<p><strong>Este sitio web utiliza las siguientes &#8220;cookies&#8221; de terceros: <\/strong><\/p>\n<p>&gt; Google Analytics: Almacena &#8220;Cookies&#8221; para poder elaborar estad\u00edsticas sobre el tr\u00e1fico y volumen de visitas de esta web. Al utilizar esta web est\u00e1 consintiendo el tratamiento de informaci\u00f3n acerca de Usted por Google. En el consiguiente, el ejercicio de cualquier derecho en este sentido deber\u00e1 ser comunicado directamente con Google.<br \/>\n&gt; Redes sociales: Cada red social utiliza sus propias &#8220;Cookies&#8221; por el hecho de pulsar botones del tipo Me gusta o Compartir.<\/p>\n<p><strong>Desactivaci\u00f3n o eliminaci\u00f3n de &#8220;Cookies&#8221; <\/strong><\/p>\n<p>En cualquier momento podr\u00e1 ejercer su derecho de desactivaci\u00f3n o eliminaci\u00f3n de cookies de este sitio web. Estas acciones se realizan de forma diferente en funci\u00f3n del navegador que utilice. Aqu\u00ed le dejamos una gu\u00eda r\u00e1pida para los navegadores m\u00e1s populares.<br \/>\nnotas adicionales<\/p>\n<p>Ni esta web ni sus representantes legales se hacen responsables ni del contenido ni de la veracidad de las pol\u00edticas de privacidad que puedan tener los terceros mencionados en esta pol\u00edtica de &#8220;Cookies&#8221;.<\/p>\n<p>Los navegadores web son las herramientas encargadas de almacenar &#8220;Cookies&#8221; y desde este sitio pueden afectuar su derecho de eliminaci\u00f3n o desactivaci\u00f3n de las mismas. Ni esta web ni sus representantes legales pueden garantizar la correcta o incorrecta manipulaci\u00f3n de las cookies por parte de dichos navegadores.<\/p>\n<p>En algunos casos es necesario instalar cookies para que el navegador no olvide su decisi\u00f3n de no aceptaci\u00f3n de las mismas.<\/p>\n<p>En el caso de las cookies de Google Analytics, esta empresa almacena las cookies en los servidores de Estados Unidos y se compromete a no compartirla con terceros, salvo en los casos en que sea necesario para el funcionamiento del sistema o cuando la ley obligue al efecto. Seg\u00fan Google no guarda su direcci\u00f3n IP. Google Inc. es una compa\u00f1\u00eda adherida al Acuerdo de Puerto Seguro que garantiza que todos los datos transferidos ser\u00e1n tratados con un nivel de protecci\u00f3n de acuerdo con la normativa europea. Puede consultar informaci\u00f3n detallada al respecto en este enlace. Si desea informaci\u00f3n sobre el uso que Google da a las galletas le adjuntamos este otro enlace.<\/p>\n<p>Para cualquier duda o consulta sobre esta pol\u00edtica de cookies no dude en comunicarse con nosotros a trav\u00e9s de la secci\u00f3n de contacto.<\/p>\n<p><strong>\u00bfQu\u00e9 es una &#8220;cookie&#8221;? <\/strong><\/p>\n<p>Una &#8220;cookie&#8221; es un archivo de texto inofensivo que se almacena en su navegador cuando visita casi cualquier p\u00e1gina web. La utilidad de la galleta es que la web sea capaz de recordar su visita cuando vuelva a navegar por esta p\u00e1gina. Aunque mucha gente no lo sabe las galletas se llevan utilizando desde hace 20 a\u00f1os, cuando aparecieron los primeros navegadores para la World Wide Web ..<\/p>\n<p><strong>\u00bfQu\u00e9 NO ES una &#8220;cookie&#8221;? <\/strong><\/p>\n<p>No es un virus, ni un troyano, ni un gusano, ni spam, ni spyware, ni abre ventanas pop-up.<br \/>\n\u00bfQu\u00e9 informaci\u00f3n almacena una &#8220;cookie&#8221;?<\/p>\n<p>Las &#8220;cookies&#8221; no suelen almacenar informaci\u00f3n sensible sobre usted, como tarjetas de cr\u00e9dito o datos bancarios, fotograf\u00edas, su DNI o informaci\u00f3n personal, etc. Los datos que guardan son de car\u00e1cter t\u00e9cnico, preferencias personales, personalizaci\u00f3n de contenidos, etc.El servidor web no lo asocia a usted como persona, sino en su navegador web. De hecho, si usted navega habitualmente con Internet Explorer y prueba a navegar por la misma web con Firefox o Chrome ver\u00e1 que la web no se da cuenta que es usted la misma persona que en realidad est\u00e1 asociando al navegador, no a la persona.<\/p>\n<p><strong>\u00bfQu\u00e9 tipo de &#8220;cookie&#8221; hay? <\/strong><\/p>\n<p>\u2022 &#8220;Cookies&#8221; t\u00e9cnicas: Son las m\u00e1s elementales y permiten, entre otras cosas, saber cuando est\u00e1 navegando un humano o una aplicaci\u00f3n automatizada, cuando navega un usuario an\u00f3nimo y un registrado, tareas b\u00e1sicas para el funcionamiento de cualquier web din\u00e1mica.<br \/>\n\u2022 &#8220;Cookies&#8221; de an\u00e1lisis: Recogen informaci\u00f3n sobre el tipo de navegaci\u00f3n que se est\u00e1 realizando, las secciones que m\u00e1s se utiliza, productos consultados, franja horaria de uso, idioma, etc.<br \/>\n\u2022 &#8220;Cookies&#8221; publicitarias: Muestran publicidad en funci\u00f3n de su navegaci\u00f3n, su pa\u00eds de procedencia, idioma, etc.<\/p>\n<p><strong>\u00bfQu\u00e9 son las &#8220;cookies&#8221; propias y las de terceros? <\/strong><\/p>\n<p>Las &#8220;cookies&#8221; propias son las generadas por la p\u00e1gina que est\u00e1 visitando y las de terceros son las generadas por servicios o proveedores externos como Facebook, Twitter, Google, etc.<\/p>\n<p><strong>Se pueden eliminar las &#8220;cookies&#8221;? <\/strong><\/p>\n<p>S\u00ed. No s\u00f3lo eliminar, tambi\u00e9n bloquear, de forma general o particular para un dominio espec\u00edfico.<\/p>\n<p>Para eliminar las &#8220;cookies&#8221; de un sitio web tiene que ir a la configuraci\u00f3n de su navegador y all\u00ed podr\u00e1 buscar las &#8220;cookies&#8221; asociadas al dominio en cuesti\u00f3n y proceder a su eliminaci\u00f3n.<br \/>\nConfiguraci\u00f3n de &#8220;cookies&#8221; para los navegadores m\u00e1s populares<br \/>\n<Strong><br \/>\nA continuaci\u00f3n le indicamos c\u00f3mo acceder a una &#8220;cookie&#8221; determinada del navegador Chrome. <\/strong><br \/>\nNota: estos pasos pueden variar en funci\u00f3n de la versi\u00f3n del navegador:<\/p>\n<p>Vaya a Configuraci\u00f3n o Preferencias mediante el men\u00fa Archivo o bien pulsando el icono de personalizaci\u00f3n que aparece arriba a la derecha.<\/p>\n<p>Ver\u00e1 diferentes secciones, pulse la opci\u00f3n Mostrar opciones avanzadas.<\/p>\n<p>Vaya a Privacidad, Configuraci\u00f3n de contenido.<\/p>\n<p>Seleccione Todas las &#8220;cookies&#8221; y datos del sitio.<\/p>\n<p>Aparecer\u00e1 un listado con todas las &#8220;cookies&#8221; ordenadas por dominio. Para que le sea m\u00e1s f\u00e1cil encontrar las &#8220;cookies&#8221; de un determinado dominio introduzca parcial o totalmente la direcci\u00f3n en el campo Buscar &#8220;cookies&#8221;.<\/p>\n<p>Despu\u00e9s de realizar este filtro aparecer\u00e1n en pantalla una o varias l\u00edneas con las &#8220;cookies&#8221; de la web solicitada. Ahora s\u00f3lo tiene que seleccionarla y pulsar la X para proceder a su eliminaci\u00f3n.<\/p>\n<p><strong>Para acceder a la configuraci\u00f3n de &#8220;cookies&#8221; del navegador Internet Explorer <\/strong> hace lo siguiente (pueden variar en funci\u00f3n de la versi\u00f3n del navegador):<\/p>\n<p>Vaya a Herramientas, Opciones de Internet<\/p>\n<p>Haga clic en Privacidad.<\/p>\n<p>Mueven el deslizador Hasta ajustar el nivel de privacidad que des\u00e9e.<\/p>\n<p><strong>Para acceder a la configuraci\u00f3n de &#8220;cookies&#8221; del navegador Internet Explorer <\/strong> hace lo siguiente (pueden variar en funci\u00f3n de la versi\u00f3n del navegador):<\/p>\n<p>Ir a Herramientas, Opciones de Internet<br \/>\nHaga clic en Privacidad.<br \/>\nMueve el deslizador hasta ajustar el nivel de privacidad que quiera.<\/p>\n<p><strong>Para acceder a la configuraci\u00f3n de &#8220;cookies&#8221; del navegador Firefox <\/strong> hace lo siguiente (pueden variar en funci\u00f3n de la versi\u00f3n del navegador):<\/p>\n<p>Vaya a Opciones o Preferencias seg\u00fan su sistema operativo.<br \/>\nHaga clic en Privacidad.<br \/>\nEn hist\u00f3rico elige Usar una configuraci\u00f3n personalizada para el historial.<br \/>\nAhora ver\u00e1 la opci\u00f3n Aceptar &#8220;cookies&#8221;, puede activarla o desactivarla seg\u00fan sus preferencias.<\/p>\n<p><strong>Para acceder a la configuraci\u00f3n de &#8220;cookies&#8221; del navegador Safari para OSX <\/strong> hace lo siguiente (pueden variar en funci\u00f3n de la versi\u00f3n del navegador):<\/p>\n<p>Vaya a Preferencias, despu\u00e9s Privacidad.<br \/>\nEn este lugar ver\u00e1 la opci\u00f3n Bloquear &#8220;cookies&#8221; para que ajuste el tipo de bloqueo que desea realizar.<\/p>\n<p><strong>Para acceder a la configuraci\u00f3n de &#8220;cookies&#8221; del navegador Safari para iOS <\/strong> hace lo siguiente (pueden variar en funci\u00f3n de la versi\u00f3n del navegador):<\/p>\n<p>Vaya a Ajustes, luego Safari.<\/p>\n<p>Vaya a Privacidad y Seguridad, ver\u00e1 la opci\u00f3n Bloquear &#8220;cookies&#8221; para que ajuste el tipo de bloqueo que desea realizar.<\/p>\n<p><strong>Para acceder a la configuraci\u00f3n de &#8220;cookies&#8221; del navegador para dispositivos Android <\/strong> hace lo siguiente (pueden variar en funci\u00f3n de la versi\u00f3n del navegador):<\/p>\n<p>Ejecute el navegador y pulse la tecla Men\u00fa, luego Configuraci\u00f3n.<\/p>\n<p>Vaya a Seguridad y privacidad, ver\u00e1 la opci\u00f3n Aceptar &#8220;cookies&#8221; para que active o desactive la casilla.<br \/>\n<strong>Para acceder a la configuraci\u00f3n de &#8220;cookies&#8221; del navegador para dispositivos Windows Phone <\/strong> hace lo siguiente (pueden variar en funci\u00f3n de la versi\u00f3n del navegador):<\/p>\n<p>Abra Internet Explorer, despu\u00e9s M\u00e1s, luego Configuraci\u00f3n<br \/>\nAhora puede activar o desactivar la casilla Permitir cookies.<\/p>\n","protected":false},"excerpt":{"rendered":"<p>Protecci\u00f3n de datos Base jur\u00eddica e informaci\u00f3n b\u00e1sica sobre el tratamiento de datos personales relativos a CULTURA Base jur\u00eddica del tratamiento : Misi\u00f3n en inter\u00e9s p\u00fablico, ejercicio de poderes p\u00fablicos, cumplimiento de obligaci\u00f3n legal. Responsable del tratamiento : Ayuntamiento de Gav\u00e0. Finalidad del tratamiento: Organizaci\u00f3n y gesti\u00f3n de actividades culturales y sociales del municipio. Ejercicio de derechos de los interesados \u200b\u200b : De acceso, rectificaci\u00f3n, supresi\u00f3n, portabilidad de los datos, limitaci\u00f3n y de oposici\u00f3n al tratamiento en la sede electr\u00f3nica https: \/ \/eseu.gavaciutat.cat\/newcatalegtramits, o presencialmente en el Registro municipal del Ayuntamiento de Gav\u00e0, Plaza de Jaume Balmes, s \/ n, 08850 Gav\u00e0. Informaci\u00f3n adicional ampliada a: Pol\u00edtica de protecci\u00f3n de datos en la web: https : \/\/eseu.gavaciutat.cat\/3protecciodades &nbsp; &nbsp; Pol\u00edtica de cookies Una &#8220;cookie&#8221; es un peque\u00f1o archivo de texto que se almacena en su navegador cuando visita casi cualquier p\u00e1gina web. Su utilidad es que la web sea capaz de recordar su visita cuando vuelva a navegar por esta p\u00e1gina. Las cookies suelen almacenar informaci\u00f3n de car\u00e1cter t\u00e9cnico, preferencias personales, personalizaci\u00f3n de contenidos, estad\u00edsticas de uso, enlaces a redes sociales, acceso a cuentas de usuario, etc. El objetivo de la &#8220;cookie&#8221; es adaptar el contenido de la web a su perfil y a sus necesidades, sin &#8220;cookies&#8221; los servicios ofrecidos por cualquier p\u00e1gina se ver\u00edan mermados notablemente. Si desea informaci\u00f3n sobre qu\u00e9 son las cookies, que se almacenan, como eliminarlas, desactivarlas, etc., le rogamos se dirija a este enlace. Cookies utilizadas en este sitio web Siguiendo las directrices de la Agencia Espa\u00f1ola de Protecci\u00f3n de Datos procedemos a detallar el uso de &#8220;cookies&#8221; que utiliza esta web con el fin de informarle con la m\u00e1xima exactitud posible. Este sitio web utiliza las &#8220;cookies&#8221; siguientes: &#8220;Cookies&#8221; de sesi\u00f3n, para garantizar que los usuarios que escriban comentarios en el blog sean humanos y no aplicaciones automatizadas. De esta manera se combate el spam. Este sitio web utiliza las siguientes &#8220;cookies&#8221; de terceros: &gt; Google Analytics: Almacena &#8220;Cookies&#8221; para poder elaborar estad\u00edsticas sobre el tr\u00e1fico y volumen de visitas de esta web. Al utilizar esta web est\u00e1 consintiendo el tratamiento de informaci\u00f3n acerca de Usted por Google. En el consiguiente, el ejercicio de cualquier derecho en este sentido deber\u00e1 ser comunicado directamente con Google. &gt; Redes sociales: Cada red social utiliza sus propias &#8220;Cookies&#8221; por el hecho de pulsar botones del tipo Me gusta o Compartir. Desactivaci\u00f3n o eliminaci\u00f3n de &#8220;Cookies&#8221; En cualquier momento podr\u00e1 ejercer su derecho de desactivaci\u00f3n o eliminaci\u00f3n de cookies de este sitio web. Estas acciones se realizan de forma diferente en funci\u00f3n del navegador que utilice. Aqu\u00ed le dejamos una gu\u00eda r\u00e1pida para los navegadores m\u00e1s populares. notas adicionales Ni esta web ni sus representantes legales se hacen responsables ni del contenido ni de la veracidad de las pol\u00edticas de privacidad que puedan tener los terceros mencionados en esta pol\u00edtica de &#8220;Cookies&#8221;. Los navegadores web son las herramientas encargadas de almacenar &#8220;Cookies&#8221; y desde este sitio pueden afectuar su derecho de eliminaci\u00f3n o desactivaci\u00f3n de las mismas. Ni esta web ni sus representantes legales pueden garantizar la correcta o incorrecta manipulaci\u00f3n de las cookies por parte de dichos navegadores. En algunos casos es necesario instalar cookies para que el navegador no olvide su decisi\u00f3n de no aceptaci\u00f3n de las mismas. En el caso de las cookies de Google Analytics, esta empresa almacena las cookies en los servidores de Estados Unidos y se compromete a no compartirla con terceros, salvo en los casos en que sea necesario para el funcionamiento del sistema o cuando la ley obligue al efecto. Seg\u00fan Google no guarda su direcci\u00f3n IP. Google Inc. es una compa\u00f1\u00eda adherida al Acuerdo de Puerto Seguro que garantiza que todos los datos transferidos ser\u00e1n tratados con un nivel de protecci\u00f3n de acuerdo con la normativa europea. Puede consultar informaci\u00f3n detallada al respecto en este enlace. Si desea informaci\u00f3n sobre el uso que Google da a las galletas le adjuntamos este otro enlace. Para cualquier duda o consulta sobre esta pol\u00edtica de cookies no dude en comunicarse con nosotros a trav\u00e9s de la secci\u00f3n de contacto. \u00bfQu\u00e9 es una &#8220;cookie&#8221;? Una &#8220;cookie&#8221; es un archivo de texto inofensivo que se almacena en su navegador cuando visita casi cualquier p\u00e1gina web. La utilidad de la galleta es que la web sea capaz de recordar su visita cuando vuelva a navegar por esta p\u00e1gina. Aunque mucha gente no lo sabe las galletas se llevan utilizando desde hace 20 a\u00f1os, cuando aparecieron los primeros navegadores para la World Wide Web .. \u00bfQu\u00e9 NO ES una &#8220;cookie&#8221;? No es un virus, ni un troyano, ni un gusano, ni spam, ni spyware, ni abre ventanas pop-up. \u00bfQu\u00e9 informaci\u00f3n almacena una &#8220;cookie&#8221;? Las &#8220;cookies&#8221; no suelen almacenar informaci\u00f3n sensible sobre usted, como tarjetas de cr\u00e9dito o datos bancarios, fotograf\u00edas, su DNI o informaci\u00f3n personal, etc. Los datos que guardan son de car\u00e1cter t\u00e9cnico, preferencias personales, personalizaci\u00f3n de contenidos, etc.El servidor web no lo asocia a usted como persona, sino en su navegador web. De hecho, si usted navega habitualmente con Internet Explorer y prueba a navegar por la misma web con Firefox o Chrome ver\u00e1 que la web no se da cuenta que es usted la misma persona que en realidad est\u00e1 asociando al navegador, no a la persona. \u00bfQu\u00e9 tipo de &#8220;cookie&#8221; hay? \u2022 &#8220;Cookies&#8221; t\u00e9cnicas: Son las m\u00e1s elementales y permiten, entre otras cosas, saber cuando est\u00e1 navegando un humano o una aplicaci\u00f3n automatizada, cuando navega un usuario an\u00f3nimo y un registrado, tareas b\u00e1sicas para el funcionamiento de cualquier web din\u00e1mica. \u2022 &#8220;Cookies&#8221; de an\u00e1lisis: Recogen informaci\u00f3n sobre el tipo de navegaci\u00f3n que se est\u00e1 realizando, las secciones que m\u00e1s se utiliza, productos consultados, franja horaria de uso, idioma, etc. \u2022 &#8220;Cookies&#8221; publicitarias: Muestran publicidad en funci\u00f3n de su navegaci\u00f3n, su pa\u00eds de procedencia, idioma, etc. \u00bfQu\u00e9 son las &#8220;cookies&#8221; propias y las de terceros? Las &#8220;cookies&#8221; propias son las generadas por la p\u00e1gina que est\u00e1 visitando y las de terceros son las generadas por servicios o proveedores externos como Facebook, Twitter, [&hellip;]<\/p>\n","protected":false},"author":2,"featured_media":0,"parent":0,"menu_order":0,"comment_status":"open","ping_status":"open","template":"","meta":[],"amp_enabled":true,"_links":{"self":[{"href":"https:\/\/espaimaragall.cat\/es\/wp-json\/wp\/v2\/pages\/5427"}],"collection":[{"href":"https:\/\/espaimaragall.cat\/es\/wp-json\/wp\/v2\/pages"}],"about":[{"href":"https:\/\/espaimaragall.cat\/es\/wp-json\/wp\/v2\/types\/page"}],"author":[{"embeddable":true,"href":"https:\/\/espaimaragall.cat\/es\/wp-json\/wp\/v2\/users\/2"}],"replies":[{"embeddable":true,"href":"https:\/\/espaimaragall.cat\/es\/wp-json\/wp\/v2\/comments?post=5427"}],"version-history":[{"count":3,"href":"https:\/\/espaimaragall.cat\/es\/wp-json\/wp\/v2\/pages\/5427\/revisions"}],"predecessor-version":[{"id":5430,"href":"https:\/\/espaimaragall.cat\/es\/wp-json\/wp\/v2\/pages\/5427\/revisions\/5430"}],"wp:attachment":[{"href":"https:\/\/espaimaragall.cat\/es\/wp-json\/wp\/v2\/media?parent=5427"}],"curies":[{"name":"wp","href":"https:\/\/api.w.org\/{rel}","templated":true}]}}