{"id":6986,"date":"2022-09-29T18:44:36","date_gmt":"2022-09-29T18:44:36","guid":{"rendered":"https:\/\/espaimaragall.cat\/?page_id=6986"},"modified":"2025-09-29T12:13:06","modified_gmt":"2025-09-29T12:13:06","slug":"gavamon-2024","status":"publish","type":"page","link":"https:\/\/espaimaragall.cat\/es\/gavamon-2024\/","title":{"rendered":"GAV\u00c0M\u00d3N 2025"},"content":{"rendered":"<div class=\"mb-2\">\n<h4><a href=\"https:\/\/www.gavaciutat.cat\/documents\/20142\/3809013\/Gava%CC%80mo%CC%81n+2025+Mostra+de+drets+humans+de+Gav%C3%A0+amb+el+focus+a+Palestina.pdf\/5c20b215-2779-709d-5d15-01a53cb16704?t=1758882273069\"><img loading=\"lazy\" class=\"aligncenter size-large wp-image-9221\" src=\"https:\/\/espaimaragall.cat\/wp-content\/uploads\/2025\/09\/Banner-Gava\u0300Mo\u0301n-1200X500px-1024x427.jpg\" alt=\"\" width=\"980\" height=\"409\" srcset=\"https:\/\/espaimaragall.cat\/wp-content\/uploads\/2025\/09\/Banner-Gava\u0300Mo\u0301n-1200X500px-1024x427.jpg 1024w, https:\/\/espaimaragall.cat\/wp-content\/uploads\/2025\/09\/Banner-Gava\u0300Mo\u0301n-1200X500px-300x125.jpg 300w, https:\/\/espaimaragall.cat\/wp-content\/uploads\/2025\/09\/Banner-Gava\u0300Mo\u0301n-1200X500px-768x320.jpg 768w, https:\/\/espaimaragall.cat\/wp-content\/uploads\/2025\/09\/Banner-Gava\u0300Mo\u0301n-1200X500px.jpg 1200w\" sizes=\"(max-width: 980px) 100vw, 980px\" \/><\/a><\/h4>\n<\/div>\n<p>La muestra de Derechos Humanos Gav\u00e0M\u00f3n es un referente de prestigio y calidad para fomentar la cohesi\u00f3n social, la convivencia y el reconocimiento de la diversidad a trav\u00e9s de las artes.<\/p>\n<p>Gav\u00e0M\u00f3n ofrece un conjunto de acciones y de actividades durante el mes de octubre de reconocimiento y sensibilizaci\u00f3n hacia los derechos humanos en Gav\u00e0.<\/p>\n<p>Es un espacio para recordar que los derechos humanos pertenecen a cadauno de nosotros por el simple hecho de nacer iguales y libres. Por eso, todas las personas hemos de exigirlos y garantizarlos de forma libre y solidaria. En este sentido, el a\u00f1o 2013, la ciudad de Gav\u00e0 se adhiri\u00f3 a la Carta Agenda Mundial de los Derechos Humanos en la Ciudad, cuyo objetivo es la promoci\u00f3n y consolidaci\u00f3n de los derechos humanos de todas las personas que habitan todas las ciudades del mundo.<\/p>\n<p>Hay que destacar que Gav\u00e0M\u00f3n incorpora el proyecto Ciudades Defensoras de los Derechos Humanos, en el que Gav\u00e0 participa junto con otros municipios y institucions catalanas. Adem\u00e1s, siempre se incorpora la participaci\u00f3n de entidades o colectivos de la ciudad.<\/p>\n<p>Este a\u00f1o 2025, la muestra Gav\u00e0M\u00f3n tendr\u00e1 lugar\u00a0<strong>del 13 al 19 de octubre<\/strong>, poniendo el foco en la situaci\u00f3n de Palestina, en concreto, en la crisis humanitaria que vive la poblaci\u00f3n civil en Gaza.<\/p>\n<p><a href=\"https:\/\/www.gavaciutat.cat\/documents\/20142\/3809013\/Gava%CC%80mo%CC%81n+2025+Mostra+de+drets+humans+de+Gav%C3%A0+amb+el+focus+a+Palestina.pdf\/5c20b215-2779-709d-5d15-01a53cb16704?t=1758882273069\"><strong>PROGRAMA GAV\u00c0M\u00d3N 2025<\/strong><\/a><\/p>\n<div class='css-events-list'><p>Lo sentimos, no hay eventos programados para estas fechas.<\/p><\/div>\n<p><strong><a href=\"https:\/\/espaimaragall.cat\/es\/programacion\/\">&lt;&lt; Volver a programaci\u00f3n<\/a><\/strong><\/p>\n","protected":false},"excerpt":{"rendered":"<p>La muestra de Derechos Humanos Gav\u00e0M\u00f3n es un referente de prestigio y calidad para fomentar la cohesi\u00f3n social, la convivencia y el reconocimiento de la diversidad a trav\u00e9s de las artes. Gav\u00e0M\u00f3n ofrece un conjunto de acciones y de actividades durante el mes de octubre de reconocimiento y sensibilizaci\u00f3n hacia los derechos humanos en Gav\u00e0. Es un espacio para recordar que los derechos humanos pertenecen a cadauno de nosotros por el simple hecho de nacer iguales y libres. Por eso, todas las personas hemos de exigirlos y garantizarlos de forma libre y solidaria. En este sentido, el a\u00f1o 2013, la ciudad de Gav\u00e0 se adhiri\u00f3 a la Carta Agenda Mundial de los Derechos Humanos en la Ciudad, cuyo objetivo es la promoci\u00f3n y consolidaci\u00f3n de los derechos humanos de todas las personas que habitan todas las ciudades del mundo. Hay que destacar que Gav\u00e0M\u00f3n incorpora el proyecto Ciudades Defensoras de los Derechos Humanos, en el que Gav\u00e0 participa junto con otros municipios y institucions catalanas. Adem\u00e1s, siempre se incorpora la participaci\u00f3n de entidades o colectivos de la ciudad. Este a\u00f1o 2025, la muestra Gav\u00e0M\u00f3n tendr\u00e1 lugar\u00a0del 13 al 19 de octubre, poniendo el foco en la situaci\u00f3n de Palestina, en concreto, en la crisis humanitaria que vive la poblaci\u00f3n civil en Gaza. PROGRAMA GAV\u00c0M\u00d3N 2025 &lt;&lt; Volver a programaci\u00f3n<\/p>\n","protected":false},"author":3,"featured_media":0,"parent":0,"menu_order":0,"comment_status":"closed","ping_status":"closed","template":"","meta":[],"amp_enabled":true,"_links":{"self":[{"href":"https:\/\/espaimaragall.cat\/es\/wp-json\/wp\/v2\/pages\/6986"}],"collection":[{"href":"https:\/\/espaimaragall.cat\/es\/wp-json\/wp\/v2\/pages"}],"about":[{"href":"https:\/\/espaimaragall.cat\/es\/wp-json\/wp\/v2\/types\/page"}],"author":[{"embeddable":true,"href":"https:\/\/espaimaragall.cat\/es\/wp-json\/wp\/v2\/users\/3"}],"replies":[{"embeddable":true,"href":"https:\/\/espaimaragall.cat\/es\/wp-json\/wp\/v2\/comments?post=6986"}],"version-history":[{"count":25,"href":"https:\/\/espaimaragall.cat\/es\/wp-json\/wp\/v2\/pages\/6986\/revisions"}],"predecessor-version":[{"id":9232,"href":"https:\/\/espaimaragall.cat\/es\/wp-json\/wp\/v2\/pages\/6986\/revisions\/9232"}],"wp:attachment":[{"href":"https:\/\/espaimaragall.cat\/es\/wp-json\/wp\/v2\/media?parent=6986"}],"curies":[{"name":"wp","href":"https:\/\/api.w.org\/{rel}","templated":true}]}}