{"id":7148,"date":"2022-10-19T08:57:00","date_gmt":"2022-10-19T08:57:00","guid":{"rendered":"https:\/\/espaimaragall.cat\/?page_id=7148"},"modified":"2022-11-04T16:39:23","modified_gmt":"2022-11-04T16:39:23","slug":"gava-hall-of-fame-barcelona-92","status":"publish","type":"page","link":"https:\/\/espaimaragall.cat\/es\/gava-hall-of-fame-barcelona-92\/","title":{"rendered":"GAV\u00c0 HALL OF FAME. Barcelona 92"},"content":{"rendered":"<p><img loading=\"lazy\" class=\"aligncenter wp-image-7225 \" src=\"https:\/\/espaimaragall.cat\/wp-content\/uploads\/2022\/11\/WhatsApp-Image-2022-10-31-at-11.34.49-AM-1024x602.jpeg\" alt=\"\" width=\"601\" height=\"353\" srcset=\"https:\/\/espaimaragall.cat\/wp-content\/uploads\/2022\/11\/WhatsApp-Image-2022-10-31-at-11.34.49-AM-1024x602.jpeg 1024w, https:\/\/espaimaragall.cat\/wp-content\/uploads\/2022\/11\/WhatsApp-Image-2022-10-31-at-11.34.49-AM-300x177.jpeg 300w, https:\/\/espaimaragall.cat\/wp-content\/uploads\/2022\/11\/WhatsApp-Image-2022-10-31-at-11.34.49-AM-768x452.jpeg 768w, https:\/\/espaimaragall.cat\/wp-content\/uploads\/2022\/11\/WhatsApp-Image-2022-10-31-at-11.34.49-AM.jpeg 1081w\" sizes=\"(max-width: 601px) 100vw, 601px\" \/><\/p>\n<p>3.\u00ba Sal\u00f3n de la Fama de Bandas Tributos y Versiones de Catalu\u00f1a<br \/>\nEl tercer Sal\u00f3n de la Fama de Bandas Tributo y Versiones de Catalu\u00f1a celebra el 30 cumplea\u00f1os de Barcelona \u201992 con la reproducci\u00f3n al Espacio Maragall de algunas de los hitos musicales m\u00e1s importantes acontecidas el a\u00f1o de los Juegos Ol\u00edmpicos. Los Juegos cambiaron nuestras vidas a mucho mejor, con un gran impacto social y cultural sin precedentes.<br \/>\nPor eso, disfrutaremos de tres grandes conciertos que nos llevar\u00e1n, sin duda, a revivir grandes momentos musicales de aquel a\u00f1o.<br \/>\nEste a\u00f1o, tambi\u00e9n recuperamos el escenario Caf\u00e9 Teatro, al Hall del Espacio Maragall, con una propuesta de conciertos de peque\u00f1o formato y gratuitos para amenizar las tardes del Festival con las mejores versiones.<\/p>\n<p><strong>ESPAI HALL MARAGALL CAF\u00c9 TEATRE<\/strong><br \/>\n<strong>Dv 25 nov<\/strong><br \/>\n19.30h &#8211; Tributo MICHAEL JACKSON con DABEAT<br \/>\n<strong>Ds 26 nov<\/strong><br \/>\n18h &#8211; Tributo DIRE STRAITS con SULTANS DUO<br \/>\n19.30H &#8211; Versiones FUNK 80\/90 con A113<br \/>\n<strong>Dg 27 nov<\/strong><br \/>\n17.30h &#8211; Tributo RUMBA CATALANA por artistas de Gav\u00e0<\/p>\n<div class='css-events-list'><p>Lo sentimos, no hay eventos programados para estas fechas.<\/p><\/div>\n","protected":false},"excerpt":{"rendered":"<p>3.\u00ba Sal\u00f3n de la Fama de Bandas Tributos y Versiones de Catalu\u00f1a El tercer Sal\u00f3n de la Fama de Bandas Tributo y Versiones de Catalu\u00f1a celebra el 30 cumplea\u00f1os de Barcelona \u201992 con la reproducci\u00f3n al Espacio Maragall de algunas de los hitos musicales m\u00e1s importantes acontecidas el a\u00f1o de los Juegos Ol\u00edmpicos. Los Juegos cambiaron nuestras vidas a mucho mejor, con un gran impacto social y cultural sin precedentes. Por eso, disfrutaremos de tres grandes conciertos que nos llevar\u00e1n, sin duda, a revivir grandes momentos musicales de aquel a\u00f1o. Este a\u00f1o, tambi\u00e9n recuperamos el escenario Caf\u00e9 Teatro, al Hall del Espacio Maragall, con una propuesta de conciertos de peque\u00f1o formato y gratuitos para amenizar las tardes del Festival con las mejores versiones. ESPAI HALL MARAGALL CAF\u00c9 TEATRE Dv 25 nov 19.30h &#8211; Tributo MICHAEL JACKSON con DABEAT Ds 26 nov 18h &#8211; Tributo DIRE STRAITS con SULTANS DUO 19.30H &#8211; Versiones FUNK 80\/90 con A113 Dg 27 nov 17.30h &#8211; Tributo RUMBA CATALANA por artistas de Gav\u00e0<\/p>\n","protected":false},"author":3,"featured_media":7154,"parent":0,"menu_order":0,"comment_status":"closed","ping_status":"closed","template":"","meta":[],"amp_enabled":true,"_links":{"self":[{"href":"https:\/\/espaimaragall.cat\/es\/wp-json\/wp\/v2\/pages\/7148"}],"collection":[{"href":"https:\/\/espaimaragall.cat\/es\/wp-json\/wp\/v2\/pages"}],"about":[{"href":"https:\/\/espaimaragall.cat\/es\/wp-json\/wp\/v2\/types\/page"}],"author":[{"embeddable":true,"href":"https:\/\/espaimaragall.cat\/es\/wp-json\/wp\/v2\/users\/3"}],"replies":[{"embeddable":true,"href":"https:\/\/espaimaragall.cat\/es\/wp-json\/wp\/v2\/comments?post=7148"}],"version-history":[{"count":9,"href":"https:\/\/espaimaragall.cat\/es\/wp-json\/wp\/v2\/pages\/7148\/revisions"}],"predecessor-version":[{"id":7228,"href":"https:\/\/espaimaragall.cat\/es\/wp-json\/wp\/v2\/pages\/7148\/revisions\/7228"}],"wp:featuredmedia":[{"embeddable":true,"href":"https:\/\/espaimaragall.cat\/es\/wp-json\/wp\/v2\/media\/7154"}],"wp:attachment":[{"href":"https:\/\/espaimaragall.cat\/es\/wp-json\/wp\/v2\/media?parent=7148"}],"curies":[{"name":"wp","href":"https:\/\/api.w.org\/{rel}","templated":true}]}}