{"id":9727,"date":"2026-04-17T16:16:37","date_gmt":"2026-04-17T16:16:37","guid":{"rendered":"https:\/\/espaimaragall.cat\/?page_id=9727"},"modified":"2026-04-20T14:12:32","modified_gmt":"2026-04-20T14:12:32","slug":"nou-servei-de-canguratge-al-teatre","status":"publish","type":"page","link":"https:\/\/espaimaragall.cat\/es\/nou-servei-de-canguratge-al-teatre\/","title":{"rendered":"Nuevo Servicio canguro al teatre"},"content":{"rendered":"<p>Desde el Departamento de Feminismo, Igualdad y LGTBI del Ayuntamiento de Gav\u00e0 se pone en marcha un nuevo servicio, financiado con fondo del Plan Corresponsables de la Generalitat de Catalu\u00f1a y el Ministerio de Igualdad.<\/p>\n<p>Se trata del servicio de canguro gratuito pensado para que las familias pod\u00e1is disfrutar de la obra o actuaci\u00f3n en Gav\u00e0 mientras los ni\u00f1os disponen de un espacio de juego y acompa\u00f1amiento.<\/p>\n<p>El servicio se ofrecer\u00e1 en la sala polivalente del espai Maragall mientras dure la obra y\/o acontecimiento. Durante todo el servicio, los ni\u00f1os estar\u00e1n acompa\u00f1ados por personal de monitorizaci\u00f3n.<\/p>\n<p>Para poder acceder a este servicio de canguro habr\u00e1 que sacar una entrada por cada ni\u00f1o con 72 horas de antelaci\u00f3n en el momento de la compra anticipada de la entrada.<\/p>\n<p>Os animamos a utilizar este nuevo servicio y a continuar disfrutando de nuestras actividades mientras vuestros ni\u00f1os disfrutan de un espacio de juego.<\/p>\n<p>Por cualquier duda, nos pod\u00e9is contactar al Departamento de Feminismo, Igualdad y LGTBI o al correo electr\u00f3nico corresponsables@gava.cat.<\/p>\n<ul>\n<li>Se tiene que adquirir la entrada gratuita de canguratge de tantos ni\u00f1os como quieran el servicio. (El enlace por esta entrada lo encontrar\u00e9is a la compra de la entrada general)<\/li>\n<li>Se tendr\u00e1 que firmar una autorizaci\u00f3n al hall del Espacio Maragall al dejar al ni\u00f1o y al recogerlo<\/li>\n<li>La llegada al teatro ser\u00e1 m\u00e1ximo de 15 minutos antes del inicio de la obra.<\/li>\n<li>Edades de los ni\u00f1os de 3 a 12 a\u00f1os.<\/li>\n<\/ul>\n<p>&nbsp;<\/p>\n<p>Espect\u00e1culos con servicio de canguro:<\/p>\n<ul>\n<li><strong>Bulsara &#8211; The Queen Experience.<\/strong>\u00a0<span id=\"OBJ_PREFIX_DWT5112_com_zimbra_date\" class=\"Object\"><span id=\"OBJ_PREFIX_DWT5125_com_zimbra_date\" class=\"Object\"><span id=\"OBJ_PREFIX_DWT784_com_zimbra_date\" class=\"Object\" role=\"link\"><span id=\"OBJ_PREFIX_DWT860_com_zimbra_date\" class=\"Object\" role=\"link\">Domingo<\/span><\/span><\/span><\/span> 26 abril,\u00a0 18 h.<\/li>\n<li><strong>Documental: Mares.<\/strong> Viernes 8 de mayo, 19h<\/li>\n<li><strong>El raro de los 90.<\/strong> <span id=\"OBJ_PREFIX_DWT5112_com_zimbra_date\" class=\"Object\"><span id=\"OBJ_PREFIX_DWT5125_com_zimbra_date\" class=\"Object\"><span id=\"OBJ_PREFIX_DWT784_com_zimbra_date\" class=\"Object\" role=\"link\"><span id=\"OBJ_PREFIX_DWT860_com_zimbra_date\" class=\"Object\" role=\"link\">Domingo<\/span><\/span><\/span><\/span>\u00a0<span id=\"OBJ_PREFIX_DWT5113_com_zimbra_date\" class=\"Object\"><span id=\"OBJ_PREFIX_DWT5127_com_zimbra_date\" class=\"Object\"><span id=\"OBJ_PREFIX_DWT786_com_zimbra_date\" class=\"Object\" role=\"link\"><span id=\"OBJ_PREFIX_DWT862_com_zimbra_date\" class=\"Object\" role=\"link\">10 mayo<\/span><\/span><\/span><\/span>, 18 h.<\/li>\n<li><strong>Cine Club: <em>Tres adioses<\/em>.<\/strong> <span id=\"OBJ_PREFIX_DWT5112_com_zimbra_date\" class=\"Object\"><span id=\"OBJ_PREFIX_DWT5125_com_zimbra_date\" class=\"Object\"><span id=\"OBJ_PREFIX_DWT784_com_zimbra_date\" class=\"Object\" role=\"link\"><span id=\"OBJ_PREFIX_DWT860_com_zimbra_date\" class=\"Object\" role=\"link\">Domingo<\/span><\/span><\/span><\/span>\u00a0<span id=\"OBJ_PREFIX_DWT5114_com_zimbra_date\" class=\"Object\"><span id=\"OBJ_PREFIX_DWT5129_com_zimbra_date\" class=\"Object\"><span id=\"OBJ_PREFIX_DWT788_com_zimbra_date\" class=\"Object\" role=\"link\"><span id=\"OBJ_PREFIX_DWT864_com_zimbra_date\" class=\"Object\" role=\"link\">7 de junio<\/span><\/span><\/span><\/span>, 19 h.<\/li>\n<\/ul>\n<p>&nbsp;<\/p>\n","protected":false},"excerpt":{"rendered":"<p>Desde el Departamento de Feminismo, Igualdad y LGTBI del Ayuntamiento de Gav\u00e0 se pone en marcha un nuevo servicio, financiado con fondo del Plan Corresponsables de la Generalitat de Catalu\u00f1a y el Ministerio de Igualdad. Se trata del servicio de canguro gratuito pensado para que las familias pod\u00e1is disfrutar de la obra o actuaci\u00f3n en Gav\u00e0 mientras los ni\u00f1os disponen de un espacio de juego y acompa\u00f1amiento. El servicio se ofrecer\u00e1 en la sala polivalente del espai Maragall mientras dure la obra y\/o acontecimiento. Durante todo el servicio, los ni\u00f1os estar\u00e1n acompa\u00f1ados por personal de monitorizaci\u00f3n. Para poder acceder a este servicio de canguro habr\u00e1 que sacar una entrada por cada ni\u00f1o con 72 horas de antelaci\u00f3n en el momento de la compra anticipada de la entrada. Os animamos a utilizar este nuevo servicio y a continuar disfrutando de nuestras actividades mientras vuestros ni\u00f1os disfrutan de un espacio de juego. Por cualquier duda, nos pod\u00e9is contactar al Departamento de Feminismo, Igualdad y LGTBI o al correo electr\u00f3nico corresponsables@gava.cat. Se tiene que adquirir la entrada gratuita de canguratge de tantos ni\u00f1os como quieran el servicio. (El enlace por esta entrada lo encontrar\u00e9is a la compra de la entrada general) Se tendr\u00e1 que firmar una autorizaci\u00f3n al hall del Espacio Maragall al dejar al ni\u00f1o y al recogerlo La llegada al teatro ser\u00e1 m\u00e1ximo de 15 minutos antes del inicio de la obra. Edades de los ni\u00f1os de 3 a 12 a\u00f1os. &nbsp; Espect\u00e1culos con servicio de canguro: Bulsara &#8211; The Queen Experience.\u00a0Domingo 26 abril,\u00a0 18 h. Documental: Mares. Viernes 8 de mayo, 19h El raro de los 90. Domingo\u00a010 mayo, 18 h. Cine Club: Tres adioses. Domingo\u00a07 de junio, 19 h. &nbsp;<\/p>\n","protected":false},"author":3,"featured_media":0,"parent":0,"menu_order":0,"comment_status":"closed","ping_status":"closed","template":"","meta":[],"amp_enabled":true,"_links":{"self":[{"href":"https:\/\/espaimaragall.cat\/es\/wp-json\/wp\/v2\/pages\/9727"}],"collection":[{"href":"https:\/\/espaimaragall.cat\/es\/wp-json\/wp\/v2\/pages"}],"about":[{"href":"https:\/\/espaimaragall.cat\/es\/wp-json\/wp\/v2\/types\/page"}],"author":[{"embeddable":true,"href":"https:\/\/espaimaragall.cat\/es\/wp-json\/wp\/v2\/users\/3"}],"replies":[{"embeddable":true,"href":"https:\/\/espaimaragall.cat\/es\/wp-json\/wp\/v2\/comments?post=9727"}],"version-history":[{"count":7,"href":"https:\/\/espaimaragall.cat\/es\/wp-json\/wp\/v2\/pages\/9727\/revisions"}],"predecessor-version":[{"id":9737,"href":"https:\/\/espaimaragall.cat\/es\/wp-json\/wp\/v2\/pages\/9727\/revisions\/9737"}],"wp:attachment":[{"href":"https:\/\/espaimaragall.cat\/es\/wp-json\/wp\/v2\/media?parent=9727"}],"curies":[{"name":"wp","href":"https:\/\/api.w.org\/{rel}","templated":true}]}}