{"id":9773,"date":"2026-05-13T07:20:31","date_gmt":"2026-05-13T07:20:31","guid":{"rendered":"https:\/\/espaimaragall.cat\/?page_id=9773"},"modified":"2026-05-13T07:29:08","modified_gmt":"2026-05-13T07:29:08","slug":"festival-artisitco-juvenil-2026","status":"publish","type":"page","link":"https:\/\/espaimaragall.cat\/es\/festival-artisitco-juvenil-2026\/","title":{"rendered":"FESTIVAL ART\u00cdSITCO JUVENIL 2026"},"content":{"rendered":"<p><img loading=\"lazy\" class=\"aligncenter size-large wp-image-9752\" src=\"https:\/\/espaimaragall.cat\/wp-content\/uploads\/2026\/05\/Banner-1024x394.jpeg\" alt=\"\" width=\"980\" height=\"377\" srcset=\"https:\/\/espaimaragall.cat\/wp-content\/uploads\/2026\/05\/Banner-1024x394.jpeg 1024w, https:\/\/espaimaragall.cat\/wp-content\/uploads\/2026\/05\/Banner-300x115.jpeg 300w, https:\/\/espaimaragall.cat\/wp-content\/uploads\/2026\/05\/Banner-768x295.jpeg 768w, https:\/\/espaimaragall.cat\/wp-content\/uploads\/2026\/05\/Banner.jpeg 1600w\" sizes=\"(max-width: 980px) 100vw, 980px\" \/><\/p>\n<p>Los dos \u00faltimos fines de semana de mayo, Gav\u00e0 se vestir\u00e1 de teatro, danza, m\u00fasica, poes\u00eda y mucho m\u00e1s con las escuelas y entidades del municipio.<\/p>\n<p>Si quieres seguir en directo todo el que la comisi\u00f3n joven est\u00e1 trabajando o te quieres implicar en la programaci\u00f3n, todav\u00eda est\u00e1s a tiempo!<\/p>\n<p>S\u00edguenos a @festivalartisticjuvenil o pasa por la Casa Grande y preg\u00fantanos. Pronto actualizaremos este apartado del web con toda la programaci\u00f3n para que puedas disfrutar los d\u00edas 22, 23, 24, 29, 30 y 31 de mayo de este proyectara.<\/p>\n<p><div class='css-events-list'><h2 style=\"text-transform:capitalize;\">mayo 2026<\/h2><table class=\"listado-eventos\"><tr>\r\n\r\n<td style=\"vertical-align:middle; border-bottom: 1px solid rgb(229, 229, 229);\">\r\n<div style=\"text-align:left; font-weight:bold;text-transform: capitalize;\">Vie. 22\/05<\/div>\r\n<div style=\"text-align:left;\">20:00<\/div>\r\n<\/td>\r\n\r\n<td style=\"vertical-align:middle; border-bottom: 1px solid rgb(229, 229, 229);\">\r\n<a href=\"https:\/\/espaimaragall.cat\/es\/events\/moulin-rouge\/\"><img src='https:\/\/espaimaragall.cat\/wp-content\/uploads\/2026\/05\/Banner-1.jpeg' alt='MOULIN ROUGE'\/><\/a>\r\n<\/td>\r\n\r\n<td style=\"vertical-align:middle; border-bottom: 1px solid rgb(229, 229, 229);\">\r\n<p>Festival Art\u00edstico Juvenil 2026<\/p>\n<div class=\"event-link\"><a href=\"https:\/\/espaimaragall.cat\/es\/events\/moulin-rouge\/\">MOULIN ROUGE<\/a><br><\/div>\r\n3,2\u20ac<br>\r\n<div class=\"event-ticket\" style=\"text-align:left; margin-top:20px;max-width: 95px; \" class=\"enlace-compra-programacion\"><a href=\"https:\/\/www.entrapolis.com\/entrades\/mouiln-rouge-festival-artistic-juvenil-de-gava\" target=\"_blank\">Entradas<\/a><\/div>\r\n<\/td>\r\n\r\n\r\n<\/tr><tr>\r\n\r\n<td style=\"vertical-align:middle; border-bottom: 1px solid rgb(229, 229, 229);\">\r\n<div style=\"text-align:left; font-weight:bold;text-transform: capitalize;\">S\u00e1b. 23\/05<\/div>\r\n<div style=\"text-align:left;\">20:00<\/div>\r\n<\/td>\r\n\r\n<td style=\"vertical-align:middle; border-bottom: 1px solid rgb(229, 229, 229);\">\r\n<a href=\"https:\/\/espaimaragall.cat\/es\/events\/sindria\/\"><img src='https:\/\/espaimaragall.cat\/wp-content\/uploads\/2026\/05\/Cartel-SI\u0301NDRIA-base-copia.jpg' alt='S\u00cdNDRIA'\/><\/a>\r\n<\/td>\r\n\r\n<td style=\"vertical-align:middle; border-bottom: 1px solid rgb(229, 229, 229);\">\r\n<p>Festival Art\u00edstic Juvenil 2026<\/p>\n<div class=\"event-link\"><a href=\"https:\/\/espaimaragall.cat\/es\/events\/sindria\/\">S\u00cdNDRIA<\/a><br><\/div>\r\nGratuito <br>\r\n<div class=\"event-ticket\" style=\"text-align:left; margin-top:20px;max-width: 95px; \" class=\"enlace-compra-programacion\"><a href=\"https:\/\/www.entrapolis.com\/entradas\/sindria-festival-artistic-juvenil-2026-\" target=\"_blank\">Entradas<\/a><\/div>\r\n<\/td>\r\n\r\n\r\n<\/tr><tr>\r\n\r\n<td style=\"vertical-align:middle; border-bottom: 1px solid rgb(229, 229, 229);\">\r\n<div style=\"text-align:left; font-weight:bold;text-transform: capitalize;\">Dom. 24\/05<\/div>\r\n<div style=\"text-align:left;\">19:00<\/div>\r\n<\/td>\r\n\r\n<td style=\"vertical-align:middle; border-bottom: 1px solid rgb(229, 229, 229);\">\r\n<a href=\"https:\/\/espaimaragall.cat\/es\/events\/annie\/\"><img src='https:\/\/espaimaragall.cat\/wp-content\/uploads\/2026\/05\/Banner-1.jpeg' alt='ANNIE'\/><\/a>\r\n<\/td>\r\n\r\n<td style=\"vertical-align:middle; border-bottom: 1px solid rgb(229, 229, 229);\">\r\n<p>Festival Art\u00edstico Juvenil 2026<\/p>\n<div class=\"event-link\"><a href=\"https:\/\/espaimaragall.cat\/es\/events\/annie\/\">ANNIE<\/a><br><\/div>\r\n3,2\u20ac<br>\r\n<div class=\"event-ticket\" style=\"text-align:left; margin-top:20px;max-width: 95px; \" class=\"enlace-compra-programacion\"><a href=\"https:\/\/www.entrapolis.com\/entrades\/annie-festival-artistic-juvenil-de-gava\" target=\"_blank\">Entradas<\/a><\/div>\r\n<\/td>\r\n\r\n\r\n<\/tr><tr>\r\n\r\n<td style=\"vertical-align:middle; border-bottom: 1px solid rgb(229, 229, 229);\">\r\n<div style=\"text-align:left; font-weight:bold;text-transform: capitalize;\">Vie. 29\/05<\/div>\r\n<div style=\"text-align:left;\">20:00<\/div>\r\n<\/td>\r\n\r\n<td style=\"vertical-align:middle; border-bottom: 1px solid rgb(229, 229, 229);\">\r\n<a href=\"https:\/\/espaimaragall.cat\/es\/events\/heathers\/\"><img src='https:\/\/espaimaragall.cat\/wp-content\/uploads\/2026\/05\/Banner-1.jpeg' alt='HEATHERS'\/><\/a>\r\n<\/td>\r\n\r\n<td style=\"vertical-align:middle; border-bottom: 1px solid rgb(229, 229, 229);\">\r\n<p>Festival Art\u00edstico Juvenil 2026<\/p>\n<div class=\"event-link\"><a href=\"https:\/\/espaimaragall.cat\/es\/events\/heathers\/\">HEATHERS<\/a><br><\/div>\r\n3,2\u20ac<br>\r\n<div class=\"event-ticket\" style=\"text-align:left; margin-top:20px;max-width: 95px; \" class=\"enlace-compra-programacion\"><a href=\"https:\/\/www.entrapolis.com\/entrades\/heathers-festival-artistic-juvenil-de-gava\" target=\"_blank\">Entradas<\/a><\/div>\r\n<\/td>\r\n\r\n\r\n<\/tr><tr>\r\n\r\n<td style=\"vertical-align:middle; border-bottom: 1px solid rgb(229, 229, 229);\">\r\n<div style=\"text-align:left; font-weight:bold;text-transform: capitalize;\">S\u00e1b. 30\/05<\/div>\r\n<div style=\"text-align:left;\">20:00<\/div>\r\n<\/td>\r\n\r\n<td style=\"vertical-align:middle; border-bottom: 1px solid rgb(229, 229, 229);\">\r\n<a href=\"https:\/\/espaimaragall.cat\/es\/events\/shrek\/\"><img src='https:\/\/espaimaragall.cat\/wp-content\/uploads\/2026\/05\/Banner-1.jpeg' alt='SHREK'\/><\/a>\r\n<\/td>\r\n\r\n<td style=\"vertical-align:middle; border-bottom: 1px solid rgb(229, 229, 229);\">\r\n<p>Festival Art\u00edstico Juvenil 2026<\/p>\n<div class=\"event-link\"><a href=\"https:\/\/espaimaragall.cat\/es\/events\/shrek\/\">SHREK<\/a><br><\/div>\r\n3,2\u20ac<br>\r\n<div class=\"event-ticket\" style=\"text-align:left; margin-top:20px;max-width: 95px; \" class=\"enlace-compra-programacion\"><a href=\"https:\/\/www.entrapolis.com\/entrades\/shrek-festival-artistic-juvenil-de-gava\" target=\"_blank\">Entradas<\/a><\/div>\r\n<\/td>\r\n\r\n\r\n<\/tr><tr>\r\n\r\n<td style=\"vertical-align:middle; border-bottom: 1px solid rgb(229, 229, 229);\">\r\n<div style=\"text-align:left; font-weight:bold;text-transform: capitalize;\">Dom. 31\/05<\/div>\r\n<div style=\"text-align:left;\">12:00<\/div>\r\n<\/td>\r\n\r\n<td style=\"vertical-align:middle; border-bottom: 1px solid rgb(229, 229, 229);\">\r\n<a href=\"https:\/\/espaimaragall.cat\/es\/events\/13\/\"><img src='https:\/\/espaimaragall.cat\/wp-content\/uploads\/2026\/05\/Banner-1.jpeg' alt='13'\/><\/a>\r\n<\/td>\r\n\r\n<td style=\"vertical-align:middle; border-bottom: 1px solid rgb(229, 229, 229);\">\r\n<p>Festival Art\u00edstico Juvenil 2026<\/p>\n<div class=\"event-link\"><a href=\"https:\/\/espaimaragall.cat\/es\/events\/13\/\">13<\/a><br><\/div>\r\n3,2\u20ac<br>\r\n<div class=\"event-ticket\" style=\"text-align:left; margin-top:20px;max-width: 95px; \" class=\"enlace-compra-programacion\"><a href=\"https:\/\/www.entrapolis.com\/entrades\/13-el-musical-festival-artistic-juvenil-de-gava\" target=\"_blank\">Entradas<\/a><\/div>\r\n<\/td>\r\n\r\n\r\n<\/tr><tr>\r\n\r\n<td style=\"vertical-align:middle; border-bottom: 1px solid rgb(229, 229, 229);\">\r\n<div style=\"text-align:left; font-weight:bold;text-transform: capitalize;\">Dom. 31\/05<\/div>\r\n<div style=\"text-align:left;\">12:00<\/div>\r\n<\/td>\r\n\r\n<td style=\"vertical-align:middle; border-bottom: 1px solid rgb(229, 229, 229);\">\r\n<a href=\"https:\/\/espaimaragall.cat\/es\/events\/company\/\"><img src='https:\/\/espaimaragall.cat\/wp-content\/uploads\/2026\/05\/Banner-1.jpeg' alt='Company'\/><\/a>\r\n<\/td>\r\n\r\n<td style=\"vertical-align:middle; border-bottom: 1px solid rgb(229, 229, 229);\">\r\n<p>Festival Art\u00edstico Juvenil 2026<\/p>\n<div class=\"event-link\"><a href=\"https:\/\/espaimaragall.cat\/es\/events\/company\/\">Company<\/a><br><\/div>\r\n3,2\u20ac<br>\r\n<div class=\"event-ticket\" style=\"text-align:left; margin-top:20px;max-width: 95px; \" class=\"enlace-compra-programacion\"><a href=\"https:\/\/www.entrapolis.com\/entrades\/company-festival-artistic-juvenil-de-gava\" target=\"_blank\">Entradas<\/a><\/div>\r\n<\/td>\r\n\r\n\r\n<\/tr><\/table><\/div><br \/>\n<strong><a href=\"https:\/\/espaimaragall.cat\/es\/programacion\/\">&lt;&lt; Tornar a programaci\u00f3n<\/a><\/strong><\/p>\n<p>&nbsp;<\/p>\n<p>&nbsp;<\/p>\n","protected":false},"excerpt":{"rendered":"<p>Los dos \u00faltimos fines de semana de mayo, Gav\u00e0 se vestir\u00e1 de teatro, danza, m\u00fasica, poes\u00eda y mucho m\u00e1s con las escuelas y entidades del municipio. Si quieres seguir en directo todo el que la comisi\u00f3n joven est\u00e1 trabajando o te quieres implicar en la programaci\u00f3n, todav\u00eda est\u00e1s a tiempo! S\u00edguenos a @festivalartisticjuvenil o pasa por la Casa Grande y preg\u00fantanos. Pronto actualizaremos este apartado del web con toda la programaci\u00f3n para que puedas disfrutar los d\u00edas 22, 23, 24, 29, 30 y 31 de mayo de este proyectara. &lt;&lt; Tornar a programaci\u00f3n &nbsp; &nbsp;<\/p>\n","protected":false},"author":3,"featured_media":0,"parent":0,"menu_order":0,"comment_status":"closed","ping_status":"closed","template":"","meta":[],"amp_enabled":true,"_links":{"self":[{"href":"https:\/\/espaimaragall.cat\/es\/wp-json\/wp\/v2\/pages\/9773"}],"collection":[{"href":"https:\/\/espaimaragall.cat\/es\/wp-json\/wp\/v2\/pages"}],"about":[{"href":"https:\/\/espaimaragall.cat\/es\/wp-json\/wp\/v2\/types\/page"}],"author":[{"embeddable":true,"href":"https:\/\/espaimaragall.cat\/es\/wp-json\/wp\/v2\/users\/3"}],"replies":[{"embeddable":true,"href":"https:\/\/espaimaragall.cat\/es\/wp-json\/wp\/v2\/comments?post=9773"}],"version-history":[{"count":4,"href":"https:\/\/espaimaragall.cat\/es\/wp-json\/wp\/v2\/pages\/9773\/revisions"}],"predecessor-version":[{"id":9784,"href":"https:\/\/espaimaragall.cat\/es\/wp-json\/wp\/v2\/pages\/9773\/revisions\/9784"}],"wp:attachment":[{"href":"https:\/\/espaimaragall.cat\/es\/wp-json\/wp\/v2\/media?parent=9773"}],"curies":[{"name":"wp","href":"https:\/\/api.w.org\/{rel}","templated":true}]}}